{"id":105,"date":"2022-03-03T19:37:42","date_gmt":"2022-03-03T19:37:42","guid":{"rendered":"https:\/\/lindaschool.pt\/site\/?page_id=105"},"modified":"2022-03-30T17:48:54","modified_gmt":"2022-03-30T17:48:54","slug":"english","status":"publish","type":"page","link":"https:\/\/lindaschool.pt\/site\/home\/english\/","title":{"rendered":"english"},"content":{"rendered":"<div id=\"wppb-builder-container\" class=\"wppb-builder-container\">                <div  class=\"wppb-row-parent  wppb-row-1648491975625 \"  >\n\t\t\t\t\t\n\t\t\t\t\t\t\t\t\t\t\n\t\t\t\t\t\t\t\t\t\t\n\t\t\t\t\t<div class=\"wppb-container \">\n\t\t\t\t\t\t\t\t\t\t\t\t\t\n                        <div class=\"wppb-row\">\n\t\t\t\t\t\t\t                                    <div  class=\"wppb-column-parent wppb-column-parent-view wppb-col-1648491975623  \"  >\n                                        <div class=\"wppb-column\">\n\t\t\t\t\t\n\t\t\t\t\t\t\t\t\t\t\t\n                                            <div class=\"wppb-builder-addons\">\n\t\t\t\t\t\t\t\t\t\t\t\t                                            <\/div>\n                                        <\/div>\n                                    <\/div>\n\t\t\t\t\t\t\t\t\t                                    <div  class=\"wppb-column-parent wppb-column-parent-view wppb-col-1648491975624  \"  >\n                                        <div class=\"wppb-column\">\n\t\t\t\t\t\n\t\t\t\t\t\t\t\t\t\t\t\n                                            <div class=\"wppb-builder-addons\">\n\t\t\t\t\t\t\t\t\t\t\t\t<div class='wppb-builder-addon wppb-addon-1648492179252'  data-addon-id='1648492179252'><div class='wppb-addon'><div class=\"wppb-text-block-addon\"><div class=\"wppb-text-block-content 0\"><h1 style=\"text-align: right\"><span style=\"color: #ffffff\"><strong>Aprender, Evoluir, Comunicar...<\/strong><\/span><br \/><span style=\"color: #ffffff\"><strong>com Sucesso<\/strong><\/span><\/h1><\/div><\/div><\/div><\/div><div class='wppb-builder-addon wppb-addon-1675970354157'  data-addon-id='1675970354157'><div class='wppb-addon'><div class=\"wppb-text-block-addon\"><div class=\"wppb-text-block-content 0\"><h6 style=\"text-align: left\"><span style=\"color: #ffffff\">Na Linda's School a nossa prioridade \u00e9 a aprendizagem, de forma simples, eficaz, pr\u00e1tica e integral, ajudando os nossos alunos a comunicarem com sucesso noutros idiomas e a evolu\u00edrem como Seres Humanos \u00cdntegros e Globais.<\/span><\/h6><\/div><\/div><\/div><\/div>                                            <\/div>\n                                        <\/div>\n                                    <\/div>\n\t\t\t\t\t\t\t\t\t                        <\/div>\n\n                    <\/div>\n                <\/div>\n\t\t\t\t                <div  class=\"wppb-row-parent  wppb-row-1648491976133 \"  >\n\t\t\t\t\t\n\t\t\t\t\t\t\t\t\t\t\n\t\t\t\t\t\t\t\t\t\t\n\t\t\t\t\t<div class=\"wppb-container \">\n\t\t\t\t\t\t\t\t\t\t\t\t\t\n                        <div class=\"wppb-row\">\n\t\t\t\t\t\t\t                                    <div  class=\"wppb-column-parent wppb-column-parent-view wppb-col-1648491976132  \"  >\n                                        <div class=\"wppb-column\">\n\t\t\t\t\t\n\t\t\t\t\t\t\t\t\t\t\t\n                                            <div class=\"wppb-builder-addons\">\n\t\t\t\t\t\t\t\t\t\t\t\t<div class='wppb-builder-addon wppb-addon-1648493766903'  data-addon-id='1648493766903'><div class='wppb-addon'><div class=\"wppb-text-block-addon\"><div class=\"wppb-text-block-content 0\"><h1 class=\"default\">INGL\u00caS<\/h1><\/div><\/div><\/div><\/div><div class='wppb-builder-addon wppb-addon-1648493609931'  data-addon-id='1648493609931'><div class='wppb-addon'><div class=\"wppb-text-block-addon\"><div class=\"wppb-text-block-content 0\"><p><span style=\"color: #ff0000\"><strong>Pre KG <\/strong><\/span>\u2013 3 aos 6 anos<\/p><p><span style=\"color: #333399\"><strong>KG<\/strong><\/span>\u00a0\u2013 Crian\u00e7as de 2\u00ba ano do 1\u00ba ciclo<\/p><p><span style=\"color: #ff0000\"><strong>Infantil<\/strong><\/span>\u00a0\u2013 Crian\u00e7as de 3\u00ba ano do 1\u00ba ciclo<\/p><p><span style=\"color: #333399\"><strong>J<span style=\"color: #333399\">unio<\/span>r I e II<\/strong><\/span>\u00a0\u2013 Crian\u00e7as de 4\u00ba e 5\u00ba ano respetivamente, 1\u00ba e 2\u00ba ciclo<\/p><p><span style=\"color: #ff0000\"><strong>Ingl\u00eas Elementar<\/strong><\/span>\u00a0\u2013 A1, A1+, A2 (N\u00edveis: 1\u00ba, 2\u00ba e 3\u00ba ano e 1\u00ba, 2\u00ba e 3\u00ba ano Adultos)<\/p><p><span style=\"color: #333399\"><strong>Ingl\u00eas Interm\u00e9dio<\/strong><\/span>\u00a0\u2013 B1 e B1+ (N\u00edveis: 4\u00ba e 4\u00ba ano avan\u00e7ado): prepara\u00e7\u00e3o para o PET (Preliminary English Test da Universidade de Cambridge)<\/p><p><span style=\"color: #ff0000\"><strong>Ingl\u00eas Avan\u00e7ado<\/strong><\/span>\u00a0\u2013 B2 (N\u00edvel: 5\u00ba ano): prepara\u00e7\u00e3o para o First Certificate in English da Universidade de Cambridge<\/p><p><span style=\"color: #333399\"><strong>CAE starter, CAE Intensive e CAE<\/strong><\/span>\u00a0\u2013 C1 (N\u00edveis: 6\u00ba, 7\u00ba e 8\u00ba ano): prepara\u00e7\u00e3o para o Certificate in Advanced English.<\/p><p><span style=\"color: #ff0000\"><strong>C2<\/strong><\/span>\u00a0- Prepara\u00e7\u00e3o para o Certificate of Proficiency in English da Universidade de Cambridge<\/p><p><u><em>Preparamos tamb\u00e9m candidatos para o Trinity College London (Examinations in Spoken English), IELTS e TOEFL<\/em><\/u><\/p><\/div><\/div><\/div><\/div><div class='wppb-builder-addon wppb-addon-1648575628554'  data-addon-id='1648575628554'><div class='wppb-addon'><div class=\"wppb-image-addon\"><figure class=\"wppb-image-addon-content-wrap\"><div class=\"wppb-image-addon-content wppb-imginlineblock\"><img decoding=\"async\" class=\"wppb-image-addon-img\" src=\"https:\/\/lindaschool.pt\/site\/wp-content\/uploads\/2022\/03\/6936100.jpg\" alt=\"CEFR\"><\/div><\/figure><\/div><\/div><\/div>                                            <\/div>\n                                        <\/div>\n                                    <\/div>\n\t\t\t\t\t\t\t\t\t                        <\/div>\n\n                    <\/div>\n                <\/div>\n\t\t\t\t                <div  class=\"wppb-row-parent  wppb-row-1648569340998 \"  >\n\t\t\t\t\t\n\t\t\t\t\t\t\t\t\t\t\n\t\t\t\t\t\t\t\t\t\t\n\t\t\t\t\t<div class=\"wppb-container \">\n\t\t\t\t\t\t\t\t\t\t\t\t\t\n                        <div class=\"wppb-row\">\n\t\t\t\t\t\t\t                                    <div  class=\"wppb-column-parent wppb-column-parent-view wppb-col-1648569340999  \"  >\n                                        <div class=\"wppb-column\">\n\t\t\t\t\t\n\t\t\t\t\t\t\t\t\t\t\t\n                                            <div class=\"wppb-builder-addons\">\n\t\t\t\t\t\t\t\t\t\t\t\t            <div  class=\"wppb-row-parent wppb-inner-row-parent wppb-row-1648569341031 \">\n\t\t\t\n\t\t\t\t\t\t\n\t\t\t\t<div class=\"wppb-container\">\n                    <div class=\"wppb-row\">\n\t\t\t\t\t\t                                <div  class=\"wppb-column-parent wppb-column-parent-view wppb-col-1648569341032  \" >\n                                    <div class=\"wppb-column\">\n                                        <div class=\"wppb-builder-addons\">\n\t\t\t\t\t\t\t\t\t\t\t                                        <\/div>\n                                    <\/div>\n                                <\/div>\n\t\t\t\t\t\t\t\t                    <\/div>\n                <\/div>\n            <\/div>\n\t\t\t<div class='wppb-builder-addon wppb-addon-1648569341001'  data-addon-id='1648569341001'><div class='wppb-addon'><div class=\"wppb-text-block-addon\"><div class=\"wppb-text-block-content 0\"><div><h1><strong>CURSOS INTENSIVOS\u00a0DE VER\u00c3O<\/strong><\/h1><p>Estes cursos intensivos decorrem nos meses de\u00a0Julho\u00a0e\u00a0Setembro\u00a0e destinam-se quer a alunos da Linda\u2019s School que tenham notas elevadas e para os quais seja poss\u00edvel transitar de ano fazendo o respectivo curso intensivo, quer para alunos que precisem de reciclar os seus conhecimentos para transitar de ano, bem como para alunos que n\u00e3o frequentam a Linda\u2019s School durante o ano lectivo e que queiram melhorar o seu n\u00edvel de ingl\u00eas aproveitando as f\u00e9rias para o fazerem.<\/p><p>Temos tamb\u00e9m cursos intensivos de\u00a0<em>Franc\u00eas<\/em>,\u00a0<em>Espanhol<\/em>\u00a0e\u00a0<em>Alem\u00e3o<\/em>. Para mais detalhes por favor contacte-nos.<\/p><p>Seguem-se os\u00a0cursos de ingl\u00eas dispon\u00edveis\u00a0e respetivas cargas hor\u00e1rias:<\/p><p><strong><span style=\"color: #333399\">A1<\/span><\/strong>\u00a0\u2013 (1\u00ba ano - curto): 30h + 2h testes = 32h<\/p><p><strong><span style=\"color: #ff0000\">A1 e A1+<\/span><\/strong>\u00a0(1\u00ba e 2\u00ba ano): 32h + 4h testes = 36h<\/p><p><span style=\"color: #333399\"><strong>B1 e B1+<\/strong><\/span>\u00a0(4\u00ba ano e 4\u00ba ano avan\u00e7ado): 40h +6h testes = 46h<\/p><p><strong><span style=\"color: #ff0000\">C1<\/span><\/strong>\u00a0(CAE Intensive): 60h + 9h testes = 69h<\/p><p><span style=\"color: #333399\"><strong>Conversa\u00e7\u00e3o<\/strong><\/span>\u00a0(minimo 4 alunos): 1h x 2 por semana = 8h<\/p><p><strong><span style=\"color: #ff0000\">Aulas de Revis\u00f5es:<\/span><\/strong>\u00a01\u00ba, 2\u00ba, 3\u00ba, 4\u00ba ano e 4\u00ba ano avan\u00e7ado \u2013 12h<\/p><p><span style=\"color: #333399\"><strong>Cursos Crian\u00e7as JI \/ JII<\/strong><\/span>:<\/p><\/div><div><p><em><u>Op\u00e7\u00e3o 1<\/u><\/em>\u00a0- 1h30 x 2 por semana = 12h<\/p><p><u><em>Op\u00e7\u00e3o 2<\/em><\/u>\u00a0\u2013 20h + 2h testes = 22h<\/p><\/div><\/div><\/div><\/div><\/div>                                            <\/div>\n                                        <\/div>\n                                    <\/div>\n\t\t\t\t\t\t\t\t\t                        <\/div>\n\n                    <\/div>\n                <\/div>\n\t\t\t\t                <div  class=\"wppb-row-parent  wppb-row-1648657305723 \"  >\n\t\t\t\t\t\n\t\t\t\t\t\t\t\t\t\t\n\t\t\t\t\t\t\t\t\t\t\n\t\t\t\t\t<div class=\"wppb-container \">\n\t\t\t\t\t\t\t\t\t\t\t\t\t\n                        <div class=\"wppb-row\">\n\t\t\t\t\t\t\t                                    <div  class=\"wppb-column-parent wppb-column-parent-view wppb-col-1648657305722  \"  >\n                                        <div class=\"wppb-column\">\n\t\t\t\t\t\n\t\t\t\t\t\t\t\t\t\t\t\n                                            <div class=\"wppb-builder-addons\">\n\t\t\t\t\t\t\t\t\t\t\t\t<div class='wppb-builder-addon wppb-addon-1648657305854'  data-addon-id='1648657305854'><div class='wppb-addon'><div class=\"wppb-text-block-addon\"><div class=\"wppb-text-block-content 0\"><div><div class=\"wppb-builder-addon wppb-addon-1648657740853\" data-addon-id=\"1648657740853\"><div class=\"wppb-addon\"><div class=\"wppb-text-block-addon\"><div class=\"wppb-text-block-content \"><h2 class=\"default\" style=\"text-align: left\">ENGLISH\u00a0<span style=\"color: #ff0000\">COACHING<\/span><\/h2><p class=\"default\" style=\"text-align: left\">Se pretende aprender ou refrescar as suas no\u00e7\u00f5es de ingl\u00eas ao seu pr\u00f3prio ritmo, em hor\u00e1rio marcado \u00e0 sua medida e com um programa elaborado especificamente para si, o English Coaching \u00e9 para si.<\/p><\/div><\/div><\/div><\/div><\/div><p>Peg\u00e1mos no conceito de Personal Trainer e adapt\u00e1mo-lo ao ensino do Ingl\u00eas, criando um produto que marca a diferen\u00e7a por estar totalmente vocacionado de acordo com cada cliente e as suas necessidades espec\u00edficas.<\/p><p>Assim, conseguimos obter os melhores resultados no menor espa\u00e7o de tempo e da forma<br \/>mais simples poss\u00edvel.<\/p><p>Procure-nos, fale-nos do que pretende a n\u00edvel da aprendizagem e\/ou reciclagem da L\u00edngua Inglesa e n\u00f3s encontraremos a melhor solu\u00e7\u00e3o para si.<\/p><\/div><\/div><\/div><\/div><div class='wppb-builder-addon wppb-addon-1648657305926'  data-addon-id='1648657305926'><div class='wppb-addon'><div class=\"wppb-text-block-addon\"><div class=\"wppb-text-block-content 0\"><h2 class=\"default\" style=\"text-align: left\">LANGUAGE <span style=\"color: #ff0000\">COACHING<\/span><\/h2><p>Para crian\u00e7as\/jovens com dificuldades escolares em qualquer uma das l\u00ednguas que lecionamos, proporcionamos tamb\u00e9m o servi\u00e7o de\u00a0Language\u00a0Coaching, talhado \u00e0 medida e ritmo de cada um.<\/p><\/div><\/div><\/div><\/div>                                            <\/div>\n                                        <\/div>\n                                    <\/div>\n\t\t\t\t\t\t\t\t\t                        <\/div>\n\n                    <\/div>\n                <\/div>\n\t\t\t\t                <div  class=\"wppb-row-parent  wppb-row-1648657306608 \"  >\n\t\t\t\t\t\n\t\t\t\t\t\t\t\t\t\t\n\t\t\t\t\t\t\t\t\t\t\n\t\t\t\t\t<div class=\"wppb-container \">\n\t\t\t\t\t\t\t\t\t\t\t\t\t\n                        <div class=\"wppb-row\">\n\t\t\t\t\t\t\t                                    <div  class=\"wppb-column-parent wppb-column-parent-view wppb-col-1648657306607  \"  >\n                                        <div class=\"wppb-column\">\n\t\t\t\t\t\n\t\t\t\t\t\t\t\t\t\t\t\n                                            <div class=\"wppb-builder-addons\">\n\t\t\t\t\t\t\t\t\t\t\t\t<div class='wppb-builder-addon wppb-addon-1648657306606'  data-addon-id='1648657306606'><div class='wppb-addon'><div class=\"wppb-text-block-addon\"><div class=\"wppb-text-block-content 0\"><div class=\"wppb-builder-addon wppb-addon-1648657740853\" data-addon-id=\"1648657740853\"><div class=\"wppb-addon\"><div class=\"wppb-text-block-addon\"><div class=\"wppb-text-block-content \"><h2 class=\"default\">TOTALLY <span style=\"color: #ff0000\">TRANSLATOR<\/span><\/h2><div id=\"1603914352258\" class=\"sitebuilder-element-container slow none animated\" data-v-74abd35e=\"\" data-v-cb975186=\"\" data-tag=\"p\"><div data-v-74abd35e=\"\"><p class=\"default\">O\u00a0Totally\u00a0<strong>Translator<\/strong>\u00a0\u00e9 o nosso servi\u00e7o de tradu\u00e7\u00f5es e retrovers\u00f5es (Ingl\u00eas\/Portugu\u00eas, Portugu\u00eas\/<br \/>Ingl\u00eas, Franc\u00eas\/Portugu\u00eas, Portugu\u00eas\/Franc\u00eas, Espanhol\/Portugu\u00eas, Portugu\u00eas\/Espanhol e<br \/>Portugu\u00eas\/Alem\u00e3o).<br \/><br \/>Traduzimos todo o tipo de texto, incluindo documentos autenticados com o carimbo da Escola.<br \/><br \/>Para al\u00e9m disso fazemos revis\u00f5es de tradu\u00e7\u00f5es em Ingl\u00eas, Portugu\u00eas, Franc\u00eas, Espanhol e Alem\u00e3o.<\/p><\/div><\/div><\/div><\/div><\/div><\/div><\/div><\/div><\/div><\/div>                                            <\/div>\n                                        <\/div>\n                                    <\/div>\n\t\t\t\t\t\t\t\t\t                        <\/div>\n\n                    <\/div>\n                <\/div>\n\t\t\t\t                <div  class=\"wppb-row-parent  wppb-row-1648657306655 \"  >\n\t\t\t\t\t\n\t\t\t\t\t\t\t\t\t\t\n\t\t\t\t\t\t\t\t\t\t\n\t\t\t\t\t<div class=\"wppb-container \">\n\t\t\t\t\t\t\t\t\t\t\t\t\t\n                        <div class=\"wppb-row\">\n\t\t\t\t\t\t\t                                    <div  class=\"wppb-column-parent wppb-column-parent-view wppb-col-1648657306654  \"  >\n                                        <div class=\"wppb-column\">\n\t\t\t\t\t\n\t\t\t\t\t\t\t\t\t\t\t\n                                            <div class=\"wppb-builder-addons\">\n\t\t\t\t\t\t\t\t\t\t\t\t<div class='wppb-builder-addon wppb-addon-1648657306651'  data-addon-id='1648657306651'><div class='wppb-addon'><div class=\"wppb-text-block-addon\"><div class=\"wppb-text-block-content 0\"><div class=\"wppb-builder-addon wppb-addon-1648657740853\" data-addon-id=\"1648657740853\"><div class=\"wppb-addon\"><div class=\"wppb-text-block-addon\"><div class=\"wppb-text-block-content \"><div id=\"1605195709284\" class=\"sitebuilder-element-container slow none animated\" data-v-74abd35e=\"\" data-v-cb975186=\"\" data-tag=\"h2\"><div data-v-74abd35e=\"\"><h2 class=\"default\">CERTIFICA\u00c7\u00c3O SUPERIOR<br \/>CERTIFICATE IN ADVANCED ENGLISH<\/h2><\/div><\/div><div id=\"1605195673505\" class=\"sitebuilder-element-container slow none animated\" data-v-74abd35e=\"\" data-v-cb975186=\"\" data-tag=\"h2\"><div data-v-74abd35e=\"\"><h2 class=\"default\"><span style=\"color: #333399\">PORQU\u00ca?<\/span><\/h2><\/div><\/div><\/div><\/div><\/div><\/div><\/div><\/div><\/div><\/div>                                            <\/div>\n                                        <\/div>\n                                    <\/div>\n\t\t\t\t\t\t\t\t\t                        <\/div>\n\n                    <\/div>\n                <\/div>\n\t\t\t\t                <div  class=\"wppb-row-parent  wppb-row-1648657307584 \"  >\n\t\t\t\t\t\n\t\t\t\t\t\t\t\t\t\t\n\t\t\t\t\t\t\t\t\t\t\n\t\t\t\t\t<div class=\"wppb-container \">\n\t\t\t\t\t\t\t\t\t\t\t\t\t\n                        <div class=\"wppb-row\">\n\t\t\t\t\t\t\t                                    <div  class=\"wppb-column-parent wppb-column-parent-view wppb-col-1648657307581  \"  >\n                                        <div class=\"wppb-column\">\n\t\t\t\t\t\n\t\t\t\t\t\t\t\t\t\t\t\n                                            <div class=\"wppb-builder-addons\">\n\t\t\t\t\t\t\t\t\t\t\t\t                                            <\/div>\n                                        <\/div>\n                                    <\/div>\n\t\t\t\t\t\t\t\t\t                                    <div  class=\"wppb-column-parent wppb-column-parent-view wppb-col-1648657307582  \"  >\n                                        <div class=\"wppb-column\">\n\t\t\t\t\t\n\t\t\t\t\t\t\t\t\t\t\t\n                                            <div class=\"wppb-builder-addons\">\n\t\t\t\t\t\t\t\t\t\t\t\t<div class='wppb-builder-addon wppb-addon-1648660172510'  data-addon-id='1648660172510'><div class='wppb-addon'><div class=\"wppb-video-addon\"><div class=\"wppb-video-content\"><div class=\"wppb-video-block wppb-embed-responsive wppb-embed-responsive-16by9\"><iframe class=\"wppb-embed-responsive-item\" src=\"\/\/www.youtube.com\/embed\/dlAlmc6JdRU?controls=1&#038;modestbranding=1\" allowFullScreen><\/iframe><\/div><\/div><\/div><\/div><\/div><div class='wppb-builder-addon wppb-addon-1648661589302'  data-addon-id='1648661589302'><div class='wppb-addon'><div class=\"wppb-image-addon\"><figure class=\"wppb-image-addon-content-wrap\"><div class=\"wppb-image-addon-content wppb-imginlineblock\"><img decoding=\"async\" class=\"wppb-image-addon-img\" src=\"https:\/\/lindaschool.pt\/site\/wp-content\/uploads\/2022\/03\/6456074.png\" alt=\"Image\"><\/div><\/figure><\/div><\/div><\/div>            <div  class=\"wppb-row-parent wppb-inner-row-parent wppb-row-1648657307588 \">\n\t\t\t\n\t\t\t\t\t\t\n\t\t\t\t<div class=\"wppb-container\">\n                    <div class=\"wppb-row\">\n\t\t\t\t\t\t                                <div  class=\"wppb-column-parent wppb-column-parent-view wppb-col-1648657307589  \" >\n                                    <div class=\"wppb-column\">\n                                        <div class=\"wppb-builder-addons\">\n\t\t\t\t\t\t\t\t\t\t\t<div  class='wppb-builder-addon wppb-addon-1648661699958   '   ><div class='wppb-addon'><div class=\"wppb-text-block-addon\"><div class=\"wppb-text-block-content 0\"><h4 class=\"default\"><strong>Cambridge English Exam Scores<\/strong><\/h4><\/div><\/div><\/div><\/div>                                        <\/div>\n                                    <\/div>\n                                <\/div>\n\t\t\t\t\t\t\t\t                    <\/div>\n                <\/div>\n            <\/div>\n\t\t\t            <div  class=\"wppb-row-parent wppb-inner-row-parent wppb-row-1648657307590 \">\n\t\t\t\n\t\t\t\t\t\t\n\t\t\t\t<div class=\"wppb-container\">\n                    <div class=\"wppb-row\">\n\t\t\t\t\t\t                                <div  class=\"wppb-column-parent wppb-column-parent-view wppb-col-1648657307591  \" >\n                                    <div class=\"wppb-column\">\n                                        <div class=\"wppb-builder-addons\">\n\t\t\t\t\t\t\t\t\t\t\t<div  class='wppb-builder-addon wppb-addon-1648657307554   '   ><div class='wppb-addon'><div class=\"wppb-image-addon\"><figure class=\"wppb-image-addon-content-wrap\"><div class=\"wppb-image-addon-content wppb-imginlineblock\"><img decoding=\"async\" class=\"wppb-image-addon-img\" src=\"https:\/\/lindaschool.pt\/site\/wp-content\/uploads\/2022\/03\/6456082.jpg\" alt=\"Image\"><\/div><\/figure><\/div><\/div><\/div>                                        <\/div>\n                                    <\/div>\n                                <\/div>\n\t\t\t\t\t\t\t\t                    <\/div>\n                <\/div>\n            <\/div>\n\t\t\t                                            <\/div>\n                                        <\/div>\n                                    <\/div>\n\t\t\t\t\t\t\t\t\t                                    <div  class=\"wppb-column-parent wppb-column-parent-view wppb-col-1648657307583  \"  >\n                                        <div class=\"wppb-column\">\n\t\t\t\t\t\n\t\t\t\t\t\t\t\t\t\t\t\n                                            <div class=\"wppb-builder-addons\">\n\t\t\t\t\t\t\t\t\t\t\t\t                                            <\/div>\n                                        <\/div>\n                                    <\/div>\n\t\t\t\t\t\t\t\t\t                        <\/div>\n\n                    <\/div>\n                <\/div>\n\t\t\t\t<\/div>","protected":false},"excerpt":{"rendered":"<p>Aprender, Evoluir, Comunicar&#8230;com SucessoNa Linda&#8217;s School a nossa prioridade \u00e9 a aprendizagem, de forma simples, eficaz, pr\u00e1tica e integral, ajudando os nossos alunos a comunicarem com sucesso noutros idiomas e a evolu\u00edrem como Seres Humanos \u00cdntegros e Globais. INGL\u00caSPre KG \u2013 3 aos 6 anosKG\u00a0\u2013 Crian\u00e7as de 2\u00ba ano do 1\u00ba cicloInfantil\u00a0\u2013 Crian\u00e7as de 3\u00ba&hellip;&nbsp;<a href=\"https:\/\/lindaschool.pt\/site\/home\/english\/\" class=\"\" rel=\"bookmark\">Ler mais &raquo;<span class=\"screen-reader-text\">english<\/span><\/a><\/p>\n","protected":false},"author":1,"featured_media":0,"parent":0,"menu_order":0,"comment_status":"closed","ping_status":"closed","template":"page-templates\/template-pagebuilder-full-width.php","meta":{"om_disable_all_campaigns":false,"_mi_skip_tracking":false,"_monsterinsights_sitenote_active":false,"_monsterinsights_sitenote_note":"","_monsterinsights_sitenote_category":0,"neve_meta_sidebar":"","neve_meta_container":"","neve_meta_enable_content_width":"","neve_meta_content_width":0,"neve_meta_title_alignment":"","neve_meta_author_avatar":"","neve_post_elements_order":"","neve_meta_disable_header":"","neve_meta_disable_footer":"","neve_meta_disable_title":"","_ti_tpc_template_sync":false,"_ti_tpc_template_id":"","footnotes":""},"class_list":["post-105","page","type-page","status-publish","hentry"],"aioseo_notices":[],"_links":{"self":[{"href":"https:\/\/lindaschool.pt\/site\/home\/wp-json\/wp\/v2\/pages\/105","targetHints":{"allow":["GET"]}}],"collection":[{"href":"https:\/\/lindaschool.pt\/site\/home\/wp-json\/wp\/v2\/pages"}],"about":[{"href":"https:\/\/lindaschool.pt\/site\/home\/wp-json\/wp\/v2\/types\/page"}],"author":[{"embeddable":true,"href":"https:\/\/lindaschool.pt\/site\/home\/wp-json\/wp\/v2\/users\/1"}],"replies":[{"embeddable":true,"href":"https:\/\/lindaschool.pt\/site\/home\/wp-json\/wp\/v2\/comments?post=105"}],"version-history":[{"count":1,"href":"https:\/\/lindaschool.pt\/site\/home\/wp-json\/wp\/v2\/pages\/105\/revisions"}],"predecessor-version":[{"id":106,"href":"https:\/\/lindaschool.pt\/site\/home\/wp-json\/wp\/v2\/pages\/105\/revisions\/106"}],"wp:attachment":[{"href":"https:\/\/lindaschool.pt\/site\/home\/wp-json\/wp\/v2\/media?parent=105"}],"curies":[{"name":"wp","href":"https:\/\/api.w.org\/{rel}","templated":true}]}}