{"id":116,"date":"2022-03-30T18:22:50","date_gmt":"2022-03-30T18:22:50","guid":{"rendered":"https:\/\/lindaschool.pt\/site\/?page_id=116"},"modified":"2022-04-01T10:26:43","modified_gmt":"2022-04-01T10:26:43","slug":"languages","status":"publish","type":"page","link":"https:\/\/lindaschool.pt\/site\/home\/languages\/","title":{"rendered":"languages"},"content":{"rendered":"<div id=\"wppb-builder-container\" class=\"wppb-builder-container\">                <div  class=\"wppb-row-parent  wppb-row-1648663175220 \"  >\n\t\t\t\t\t\n\t\t\t\t\t\t\t\t\t\t\n\t\t\t\t\t\t\t\t\t\t\n\t\t\t\t\t<div class=\"wppb-container \">\n\t\t\t\t\t\t\t\t\t\t\t\t\t\n                        <div class=\"wppb-row\">\n\t\t\t\t\t\t\t                                    <div  class=\"wppb-column-parent wppb-column-parent-view wppb-col-1648663175221  \"  >\n                                        <div class=\"wppb-column\">\n\t\t\t\t\t\n\t\t\t\t\t\t\t\t\t\t\t\n                                            <div class=\"wppb-builder-addons\">\n\t\t\t\t\t\t\t\t\t\t\t\t                                            <\/div>\n                                        <\/div>\n                                    <\/div>\n\t\t\t\t\t\t\t\t\t                                    <div  class=\"wppb-column-parent wppb-column-parent-view wppb-col-1648663175222  \"  >\n                                        <div class=\"wppb-column\">\n\t\t\t\t\t\n\t\t\t\t\t\t\t\t\t\t\t\n                                            <div class=\"wppb-builder-addons\">\n\t\t\t\t\t\t\t\t\t\t\t\t<div class='wppb-builder-addon wppb-addon-1648663175223'  data-addon-id='1648663175223'><div class='wppb-addon'><div class=\"wppb-text-block-addon\"><div class=\"wppb-text-block-content 0\"><h1 style=\"text-align: right\"><span style=\"color: #ffffff\"><strong>Aprender, Evoluir, Comunicar...<\/strong><\/span><br \/><span style=\"color: #ffffff\"><strong>com Sucesso<\/strong><\/span><\/h1><\/div><\/div><\/div><\/div><div class='wppb-builder-addon wppb-addon-1648663175224'  data-addon-id='1648663175224'><div class='wppb-addon'><div class=\"wppb-text-block-addon\"><div class=\"wppb-text-block-content 0\"><h5><span style=\"color: #ffffff\">Na Linda's School a nossa prioridade \u00e9 a aprendizagem, de forma simples, eficaz, pr\u00e1tica e integral, ajudando os nossos alunos a comunicarem com sucesso noutros idiomas e a evolu\u00edrem como Seres Humanos \u00cdntegros e Globais.<\/span><\/h5><\/div><\/div><\/div><\/div>                                            <\/div>\n                                        <\/div>\n                                    <\/div>\n\t\t\t\t\t\t\t\t\t                        <\/div>\n\n                    <\/div>\n                <\/div>\n\t\t\t\t                <div  class=\"wppb-row-parent  wppb-row-1648663175226 \"  >\n\t\t\t\t\t\n\t\t\t\t\t\t\t\t\t\t\n\t\t\t\t\t\t\t\t\t\t\n\t\t\t\t\t<div class=\"wppb-container \">\n\t\t\t\t\t\t\t\t\t\t\t\t\t\n                        <div class=\"wppb-row\">\n\t\t\t\t\t\t\t                                    <div  class=\"wppb-column-parent wppb-column-parent-view wppb-col-1648663175227  \"  >\n                                        <div class=\"wppb-column\">\n\t\t\t\t\t\n\t\t\t\t\t\t\t\t\t\t\t\n                                            <div class=\"wppb-builder-addons\">\n\t\t\t\t\t\t\t\t\t\t\t\t<div class='wppb-builder-addon wppb-addon-1648663175229'  data-addon-id='1648663175229'><div class='wppb-addon'><div class=\"wppb-text-block-addon\"><div class=\"wppb-text-block-content 0\"><div id=\"1603915997949\" class=\"sitebuilder-element-container slow none animated\" data-v-74abd35e=\"\" data-v-cb975186=\"\" data-tag=\"h2\"><div data-v-74abd35e=\"\"><h2 class=\"default\">ITALIANO<\/h2><\/div><\/div><div id=\"1603914352251\" class=\"sitebuilder-element-container slow none animated\" data-v-74abd35e=\"\" data-v-cb975186=\"\" data-tag=\"p\"><div data-v-74abd35e=\"\"><p>CELI Impatto - A1<br \/>CELI 1 - A2<br \/>CELI 2 - B1<br \/>CELI 3 - B2<br \/>CELI 4 - C1<br \/>CELI 5 - C2<\/p><p class=\"default\">Certifica\u00e7\u00e3o do conhecimento do italiano como l\u00edngua estrangeira por\u00a0Universit\u00e0 per Stranieri di Perugia (CELI - CIC).<\/p><\/div><\/div><\/div><\/div><\/div><\/div>                                            <\/div>\n                                        <\/div>\n                                    <\/div>\n\t\t\t\t\t\t\t\t\t                                    <div  class=\"wppb-column-parent wppb-column-parent-view wppb-col-1648663175313  \"  >\n                                        <div class=\"wppb-column\">\n\t\t\t\t\t\n\t\t\t\t\t\t\t\t\t\t\t\n                                            <div class=\"wppb-builder-addons\">\n\t\t\t\t\t\t\t\t\t\t\t\t<div class='wppb-builder-addon wppb-addon-1648663460934'  data-addon-id='1648663460934'><div class='wppb-addon'><div class=\"wppb-image-addon\"><figure class=\"wppb-image-addon-content-wrap\"><div class=\"wppb-image-addon-content wppb-imginlineblock\"><img decoding=\"async\" class=\"wppb-image-addon-img\" src=\"https:\/\/lindaschool.pt\/site\/wp-content\/uploads\/2023\/02\/FLAG-Italy-ID-Circle-274pxl.png-e1535381632780.png\" alt=\"spain flag\"><\/div><\/figure><\/div><\/div><\/div>                                            <\/div>\n                                        <\/div>\n                                    <\/div>\n\t\t\t\t\t\t\t\t\t                        <\/div>\n\n                    <\/div>\n                <\/div>\n\t\t\t\t                <div  class=\"wppb-row-parent  wppb-row-1648663175441 \"  >\n\t\t\t\t\t\n\t\t\t\t\t\t\t\t\t\t\n\t\t\t\t\t\t\t\t\t\t\n\t\t\t\t\t<div class=\"wppb-container \">\n\t\t\t\t\t\t\t\t\t\t\t\t\t\n                        <div class=\"wppb-row\">\n\t\t\t\t\t\t\t                                    <div  class=\"wppb-column-parent wppb-column-parent-view wppb-col-1648663175439  \"  >\n                                        <div class=\"wppb-column\">\n\t\t\t\t\t\n\t\t\t\t\t\t\t\t\t\t\t\n                                            <div class=\"wppb-builder-addons\">\n\t\t\t\t\t\t\t\t\t\t\t\t<div class='wppb-builder-addon wppb-addon-1648663745709'  data-addon-id='1648663745709'><div class='wppb-addon'><div class=\"wppb-text-block-addon\"><div class=\"wppb-text-block-content 0\"><div id=\"1603916634346\" class=\"sitebuilder-element-container slow none animated\" data-v-74abd35e=\"\" data-v-cb975186=\"\" data-tag=\"h2\"><div data-v-74abd35e=\"\"><h2 class=\"default\">FRANC\u00caS<\/h2><\/div><\/div><div id=\"1603916632877\" class=\"sitebuilder-element-container slow none animated\" data-v-74abd35e=\"\" data-v-cb975186=\"\" data-tag=\"p\"><div data-v-74abd35e=\"\"><div><strong>Diplomas do\u00a0\u201cMinist\u00e8re de L\u2019\u00c9ducation Nationale\u201d:<\/strong><br \/>Inicia\u00e7\u00e3o: Infantil \/ Junior (para alunos com menos de 10 anos)<br \/>1\u00ba\u00a0Ano (para alunos com mais de 10 anos)<br \/>2\u00ba\u00a0Ano<br \/>3\u00ba\u00a0Ano \u2013 Diploma n\u00edvel A1<br \/>4\u00ba\u00a0Ano \u2013 Diploma n\u00edvel A2<br \/>5\u00ba\u00a0Ano \u2013 Dipl\u00f4me El\u00e9mentaire de Langue Fran\u00e7aise \u2013 N\u00edvel B1<br \/>6\u00ba\u00a0Ano \u2013 Dipl\u00f4me El\u00e9mentaire de Langue Fran\u00e7aise \u2013\u00a0N\u00edvel B2<br \/>7\u00ba\u00a0Ano \u2013 Dipl\u00f4me Approfondi de Langue Fran\u00e7aise \u2013 n\u00edvel superior C1<br \/>8\u00ba\u00a0Ano \u2013 Dipl\u00f4me Approfondi de Langue Fran\u00e7aise \u2013 n\u00edvel superior C2<\/div><\/div><\/div><\/div><\/div><\/div><\/div>                                            <\/div>\n                                        <\/div>\n                                    <\/div>\n\t\t\t\t\t\t\t\t\t                                    <div  class=\"wppb-column-parent wppb-column-parent-view wppb-col-1648663175440  \"  >\n                                        <div class=\"wppb-column\">\n\t\t\t\t\t\n\t\t\t\t\t\t\t\t\t\t\t\n                                            <div class=\"wppb-builder-addons\">\n\t\t\t\t\t\t\t\t\t\t\t\t<div class='wppb-builder-addon wppb-addon-1648663175486'  data-addon-id='1648663175486'><div class='wppb-addon'><div class=\"wppb-image-addon\"><figure class=\"wppb-image-addon-content-wrap\"><div class=\"wppb-image-addon-content wppb-imginlineblock\"><img decoding=\"async\" class=\"wppb-image-addon-img\" src=\"https:\/\/lindaschool.pt\/site\/wp-content\/uploads\/2022\/03\/1743658.png\" alt=\"france flag\"><\/div><\/figure><\/div><\/div><\/div>                                            <\/div>\n                                        <\/div>\n                                    <\/div>\n\t\t\t\t\t\t\t\t\t                        <\/div>\n\n                    <\/div>\n                <\/div>\n\t\t\t\t                <div  class=\"wppb-row-parent  wppb-row-1648663175236 \"  >\n\t\t\t\t\t\n\t\t\t\t\t\t\t\t\t\t\n\t\t\t\t\t\t\t\t\t\t\n\t\t\t\t\t<div class=\"wppb-container \">\n\t\t\t\t\t\t\t\t\t\t\t\t\t\n                        <div class=\"wppb-row\">\n\t\t\t\t\t\t\t                                    <div  class=\"wppb-column-parent wppb-column-parent-view wppb-col-1648663175237  \"  >\n                                        <div class=\"wppb-column\">\n\t\t\t\t\t\n\t\t\t\t\t\t\t\t\t\t\t\n                                            <div class=\"wppb-builder-addons\">\n\t\t\t\t\t\t\t\t\t\t\t\t<div class='wppb-builder-addon wppb-addon-1648663175238'  data-addon-id='1648663175238'><div class='wppb-addon'><div class=\"wppb-text-block-addon\"><div class=\"wppb-text-block-content 0\"><div class=\"wppb-builder-addon wppb-addon-1648657740853\" data-addon-id=\"1648657740853\"><div class=\"wppb-addon\"><div class=\"wppb-text-block-addon\"><div class=\"wppb-text-block-content \"><div id=\"1603917050809\" class=\"sitebuilder-element-container slow none animated\" data-v-74abd35e=\"\" data-v-cb975186=\"\" data-tag=\"h2\"><div data-v-74abd35e=\"\"><h2 class=\"default\">ALEM\u00c3O<\/h2><\/div><\/div><div id=\"1603914352252\" class=\"sitebuilder-element-container slow none animated\" data-v-74abd35e=\"\" data-v-cb975186=\"\" data-tag=\"p\"><div data-v-74abd35e=\"\"><p class=\"default\"><strong>Diplomas of\u00a0\u00d6sterreichisches Sprachdiplom Deutsch:<\/strong><\/p><p>A1 \u2013 KID 1<br \/>A2 \u2013 KID 2 Grundstufe Deutsch Elementary<br \/>B1 \u2013 Zertifikat Deutsch (Intermediate)<br \/>C1 \u2013 Mittelstufe Deutsch (Advanced)<br \/>C2 \u2013 Wirtschaftssprache Deutsch (Alem\u00e3o de Neg\u00f3cios)<\/p><\/div><\/div><\/div><\/div><\/div><\/div><\/div><\/div><\/div><\/div>                                            <\/div>\n                                        <\/div>\n                                    <\/div>\n\t\t\t\t\t\t\t\t\t                                    <div  class=\"wppb-column-parent wppb-column-parent-view wppb-col-1648663175545  \"  >\n                                        <div class=\"wppb-column\">\n\t\t\t\t\t\n\t\t\t\t\t\t\t\t\t\t\t\n                                            <div class=\"wppb-builder-addons\">\n\t\t\t\t\t\t\t\t\t\t\t\t<div class='wppb-builder-addon wppb-addon-1648664055286'  data-addon-id='1648664055286'><div class='wppb-addon'><div class=\"wppb-image-addon\"><figure class=\"wppb-image-addon-content-wrap\"><div class=\"wppb-image-addon-content wppb-imginlineblock\"><img decoding=\"async\" class=\"wppb-image-addon-img\" src=\"https:\/\/lindaschool.pt\/site\/wp-content\/uploads\/2022\/03\/1743659.png\" alt=\"Germany flag\"><\/div><\/figure><\/div><\/div><\/div>                                            <\/div>\n                                        <\/div>\n                                    <\/div>\n\t\t\t\t\t\t\t\t\t                        <\/div>\n\n                    <\/div>\n                <\/div>\n\t\t\t\t                <div  class=\"wppb-row-parent  wppb-row-1648663175240 \"  >\n\t\t\t\t\t\n\t\t\t\t\t\t\t\t\t\t\n\t\t\t\t\t\t\t\t\t\t\n\t\t\t\t\t<div class=\"wppb-container \">\n\t\t\t\t\t\t\t\t\t\t\t\t\t\n                        <div class=\"wppb-row\">\n\t\t\t\t\t\t\t                                    <div  class=\"wppb-column-parent wppb-column-parent-view wppb-col-1648663175241  \"  >\n                                        <div class=\"wppb-column\">\n\t\t\t\t\t\n\t\t\t\t\t\t\t\t\t\t\t\n                                            <div class=\"wppb-builder-addons\">\n\t\t\t\t\t\t\t\t\t\t\t\t<div class='wppb-builder-addon wppb-addon-1648663175242'  data-addon-id='1648663175242'><div class='wppb-addon'><div class=\"wppb-text-block-addon\"><div class=\"wppb-text-block-content 0\"><div id=\"1603917351279\" class=\"sitebuilder-element-container slow none animated\" data-v-74abd35e=\"\" data-v-cb975186=\"\" data-tag=\"h2\"><div data-v-74abd35e=\"\"><h2 class=\"default\">PORTUGU\u00caS<\/h2><\/div><\/div><div id=\"1603914352257\" class=\"sitebuilder-element-container slow none animated\" data-v-74abd35e=\"\" data-v-cb975186=\"\" data-tag=\"p\"><div data-v-74abd35e=\"\"><div class=\"default\"><div><div><div><div><div><div><div><div><div><div><div><div><div><div><div>N\u00edvel A1<br \/>N\u00edvel A2<\/div><\/div><\/div><\/div><\/div><\/div><\/div><\/div><\/div><\/div><\/div><\/div><\/div><\/div><\/div><\/div><\/div><\/div><\/div><\/div><\/div><\/div>                                            <\/div>\n                                        <\/div>\n                                    <\/div>\n\t\t\t\t\t\t\t\t\t                                    <div  class=\"wppb-column-parent wppb-column-parent-view wppb-col-1648807833969  \"  >\n                                        <div class=\"wppb-column\">\n\t\t\t\t\t\n\t\t\t\t\t\t\t\t\t\t\t\n                                            <div class=\"wppb-builder-addons\">\n\t\t\t\t\t\t\t\t\t\t\t\t<div class='wppb-builder-addon wppb-addon-1648807856521'  data-addon-id='1648807856521'><div class='wppb-addon'><div class=\"wppb-image-addon\"><figure class=\"wppb-image-addon-content-wrap\"><div class=\"wppb-image-addon-content wppb-imginlineblock\"><img decoding=\"async\" class=\"wppb-image-addon-img\" src=\"https:\/\/lindaschool.pt\/site\/wp-content\/uploads\/2022\/03\/1743663.png\" alt=\"Image\"><\/div><\/figure><\/div><\/div><\/div>                                            <\/div>\n                                        <\/div>\n                                    <\/div>\n\t\t\t\t\t\t\t\t\t                        <\/div>\n\n                    <\/div>\n                <\/div>\n\t\t\t\t                <div  class=\"wppb-row-parent  wppb-row-1648663175243 \"  >\n\t\t\t\t\t\n\t\t\t\t\t\t\t\t\t\t\n\t\t\t\t\t\t\t\t\t\t\n\t\t\t\t\t<div class=\"wppb-container \">\n\t\t\t\t\t\t\t\t\t\t\t\t\t\n                        <div class=\"wppb-row\">\n\t\t\t\t\t\t\t                                    <div  class=\"wppb-column-parent wppb-column-parent-view wppb-col-1648663175244  \"  >\n                                        <div class=\"wppb-column\">\n\t\t\t\t\t\n\t\t\t\t\t\t\t\t\t\t\t\n                                            <div class=\"wppb-builder-addons\">\n\t\t\t\t\t\t\t\t\t\t\t\t<div class='wppb-builder-addon wppb-addon-1648663175245'  data-addon-id='1648663175245'><div class='wppb-addon'><div class=\"wppb-text-block-addon\"><div class=\"wppb-text-block-content 0\"><div class=\"wppb-builder-addon wppb-addon-1648657740853\" data-addon-id=\"1648657740853\"><div class=\"wppb-addon\"><div class=\"wppb-text-block-addon\"><div class=\"wppb-text-block-content \"><h2 class=\"default\">TOTALLY <span style=\"color: #ff0000\">TRANSLATOR<\/span><\/h2><div id=\"1603914352258\" class=\"sitebuilder-element-container slow none animated\" data-v-74abd35e=\"\" data-v-cb975186=\"\" data-tag=\"p\"><div data-v-74abd35e=\"\"><p class=\"default\">O\u00a0Totally\u00a0<strong>Translator<\/strong>\u00a0\u00e9 o nosso servi\u00e7o de tradu\u00e7\u00f5es e retrovers\u00f5es (Ingl\u00eas\/Portugu\u00eas, Portugu\u00eas\/<br \/>Ingl\u00eas; Franc\u00eas\/Portugu\u00eas, Portugu\u00eas\/Franc\u00eas; Italiano\/Portugu\u00eas, Portugu\u00eas\/Italiano;<br \/>Portugu\u00eas\/Alem\u00e3o e Alem\u00e3o\/Portugu\u00eas).<br \/><br \/>Traduzimos todo o tipo de texto, incluindo documentos autenticados com o carimbo da Escola.<br \/><br \/>Para al\u00e9m disso fazemos revis\u00f5es de tradu\u00e7\u00f5es em Ingl\u00eas, Portugu\u00eas, Franc\u00eas, Italiano e Alem\u00e3o.<\/p><\/div><\/div><\/div><\/div><\/div><\/div><\/div><\/div><\/div><\/div><div class='wppb-builder-addon wppb-addon-1648663175230'  data-addon-id='1648663175230'><div class='wppb-addon'><div class=\"wppb-image-addon\"><figure class=\"wppb-image-addon-content-wrap\"><div class=\"wppb-image-addon-content wppb-imginlineblock\"><img decoding=\"async\" class=\"wppb-image-addon-img\" src=\"https:\/\/lindaschool.pt\/site\/wp-content\/uploads\/2022\/03\/6936100.jpg\" alt=\"CEFR\"><\/div><\/figure><\/div><\/div><\/div>                                            <\/div>\n                                        <\/div>\n                                    <\/div>\n\t\t\t\t\t\t\t\t\t                        <\/div>\n\n                    <\/div>\n                <\/div>\n\t\t\t\t<\/div>","protected":false},"excerpt":{"rendered":"<p>Aprender, Evoluir, Comunicar&#8230;com SucessoNa Linda&#8217;s School a nossa prioridade \u00e9 a aprendizagem, de forma simples, eficaz, pr\u00e1tica e integral, ajudando os nossos alunos a comunicarem com sucesso noutros idiomas e a evolu\u00edrem como Seres Humanos \u00cdntegros e Globais. ITALIANOCELI Impatto &#8211; A1CELI 1 &#8211; A2CELI 2 &#8211; B1CELI 3 &#8211; B2CELI 4 &#8211; C1CELI 5&hellip;&nbsp;<a href=\"https:\/\/lindaschool.pt\/site\/home\/languages\/\" class=\"\" rel=\"bookmark\">Ler mais &raquo;<span class=\"screen-reader-text\">languages<\/span><\/a><\/p>\n","protected":false},"author":1,"featured_media":0,"parent":0,"menu_order":0,"comment_status":"closed","ping_status":"closed","template":"page-templates\/template-pagebuilder-full-width.php","meta":{"om_disable_all_campaigns":false,"_mi_skip_tracking":false,"_monsterinsights_sitenote_active":false,"_monsterinsights_sitenote_note":"","_monsterinsights_sitenote_category":0,"neve_meta_sidebar":"","neve_meta_container":"","neve_meta_enable_content_width":"","neve_meta_content_width":0,"neve_meta_title_alignment":"","neve_meta_author_avatar":"","neve_post_elements_order":"","neve_meta_disable_header":"","neve_meta_disable_footer":"","neve_meta_disable_title":"","_ti_tpc_template_sync":false,"_ti_tpc_template_id":"","footnotes":""},"class_list":["post-116","page","type-page","status-publish","hentry"],"aioseo_notices":[],"_links":{"self":[{"href":"https:\/\/lindaschool.pt\/site\/home\/wp-json\/wp\/v2\/pages\/116","targetHints":{"allow":["GET"]}}],"collection":[{"href":"https:\/\/lindaschool.pt\/site\/home\/wp-json\/wp\/v2\/pages"}],"about":[{"href":"https:\/\/lindaschool.pt\/site\/home\/wp-json\/wp\/v2\/types\/page"}],"author":[{"embeddable":true,"href":"https:\/\/lindaschool.pt\/site\/home\/wp-json\/wp\/v2\/users\/1"}],"replies":[{"embeddable":true,"href":"https:\/\/lindaschool.pt\/site\/home\/wp-json\/wp\/v2\/comments?post=116"}],"version-history":[{"count":2,"href":"https:\/\/lindaschool.pt\/site\/home\/wp-json\/wp\/v2\/pages\/116\/revisions"}],"predecessor-version":[{"id":122,"href":"https:\/\/lindaschool.pt\/site\/home\/wp-json\/wp\/v2\/pages\/116\/revisions\/122"}],"wp:attachment":[{"href":"https:\/\/lindaschool.pt\/site\/home\/wp-json\/wp\/v2\/media?parent=116"}],"curies":[{"name":"wp","href":"https:\/\/api.w.org\/{rel}","templated":true}]}}