{"id":171,"date":"2022-04-21T18:11:58","date_gmt":"2022-04-21T17:11:58","guid":{"rendered":"https:\/\/lindaschool.pt\/site\/?page_id=171"},"modified":"2022-05-10T19:23:05","modified_gmt":"2022-05-10T18:23:05","slug":"termos-e-condicoes","status":"publish","type":"page","link":"https:\/\/lindaschool.pt\/site\/home\/termos-e-condicoes\/","title":{"rendered":"Termos e Condi\u00e7\u00f5es"},"content":{"rendered":"<div id=\"wppb-builder-container\" class=\"wppb-builder-container\">                <div  class=\"wppb-row-parent  wppb-row-1652206447603 \"  >\n\t\t\t\t\t\n\t\t\t\t\t\t\t\t\t\t\n\t\t\t\t\t\t\t\t\t\t\n\t\t\t\t\t<div class=\"wppb-container \">\n\t\t\t\t\t\t\t\t\t\t\t\t\t\n                        <div class=\"wppb-row\">\n\t\t\t\t\t\t\t                                    <div  class=\"wppb-column-parent wppb-column-parent-view wppb-col-1652206447602  \"  >\n                                        <div class=\"wppb-column\">\n\t\t\t\t\t\n\t\t\t\t\t\t\t\t\t\t\t\n                                            <div class=\"wppb-builder-addons\">\n\t\t\t\t\t\t\t\t\t\t\t\t<div class='wppb-builder-addon wppb-addon-1652206455059'  data-addon-id='1652206455059'><div class='wppb-addon'><div class=\"wppb-text-block-addon\"><div class=\"wppb-text-block-content 0\"><h2><strong>Termos e Condi\u00e7\u00f5es de Utiliza\u00e7\u00e3o<\/strong><\/h2><p><strong>Direitos de Autor<\/strong><\/p><p>Toda a informa\u00e7\u00e3o presente no nosso site foi desenvolvida pela Linda's School.<\/p><p><strong>Declara\u00e7\u00e3o de exonera\u00e7\u00e3o de responsabilidades (termo pomposo para\u00a0<em>disclaimer<\/em>)<\/strong><\/p><p>O nosso site est\u00e1 em constante atualiza\u00e7\u00e3o.<\/p><p>Caso detete alguma falha, ou alguma gralha, por favor entre em contacto connosco para atualizarmos a informa\u00e7\u00e3o em quest\u00e3o.<\/p><\/div><\/div><\/div><\/div>                                            <\/div>\n                                        <\/div>\n                                    <\/div>\n\t\t\t\t\t\t\t\t\t                        <\/div>\n\n                    <\/div>\n                <\/div>\n\t\t\t\t<\/div>","protected":false},"excerpt":{"rendered":"<p>Termos e Condi\u00e7\u00f5es de Utiliza\u00e7\u00e3oDireitos de AutorToda a informa\u00e7\u00e3o presente no nosso site foi desenvolvida pela Linda&#8217;s School.Declara\u00e7\u00e3o de exonera\u00e7\u00e3o de responsabilidades (termo pomposo para\u00a0disclaimer)O nosso site est\u00e1 em constante atualiza\u00e7\u00e3o.Caso detete alguma falha, ou alguma gralha, por favor entre em contacto connosco para atualizarmos a informa\u00e7\u00e3o em quest\u00e3o.<\/p>\n","protected":false},"author":1,"featured_media":0,"parent":0,"menu_order":0,"comment_status":"closed","ping_status":"closed","template":"page-templates\/template-pagebuilder-full-width.php","meta":{"om_disable_all_campaigns":false,"_mi_skip_tracking":false,"_monsterinsights_sitenote_active":false,"_monsterinsights_sitenote_note":"","_monsterinsights_sitenote_category":0,"neve_meta_sidebar":"","neve_meta_container":"","neve_meta_enable_content_width":"","neve_meta_content_width":0,"neve_meta_title_alignment":"","neve_meta_author_avatar":"","neve_post_elements_order":"","neve_meta_disable_header":"","neve_meta_disable_footer":"","neve_meta_disable_title":"","_ti_tpc_template_sync":false,"_ti_tpc_template_id":"","footnotes":""},"class_list":["post-171","page","type-page","status-publish","hentry"],"aioseo_notices":[],"_links":{"self":[{"href":"https:\/\/lindaschool.pt\/site\/home\/wp-json\/wp\/v2\/pages\/171","targetHints":{"allow":["GET"]}}],"collection":[{"href":"https:\/\/lindaschool.pt\/site\/home\/wp-json\/wp\/v2\/pages"}],"about":[{"href":"https:\/\/lindaschool.pt\/site\/home\/wp-json\/wp\/v2\/types\/page"}],"author":[{"embeddable":true,"href":"https:\/\/lindaschool.pt\/site\/home\/wp-json\/wp\/v2\/users\/1"}],"replies":[{"embeddable":true,"href":"https:\/\/lindaschool.pt\/site\/home\/wp-json\/wp\/v2\/comments?post=171"}],"version-history":[{"count":1,"href":"https:\/\/lindaschool.pt\/site\/home\/wp-json\/wp\/v2\/pages\/171\/revisions"}],"predecessor-version":[{"id":174,"href":"https:\/\/lindaschool.pt\/site\/home\/wp-json\/wp\/v2\/pages\/171\/revisions\/174"}],"wp:attachment":[{"href":"https:\/\/lindaschool.pt\/site\/home\/wp-json\/wp\/v2\/media?parent=171"}],"curies":[{"name":"wp","href":"https:\/\/api.w.org\/{rel}","templated":true}]}}