{"id":172,"date":"2022-04-21T18:11:58","date_gmt":"2022-04-21T17:11:58","guid":{"rendered":"https:\/\/lindaschool.pt\/site\/?page_id=172"},"modified":"2022-05-10T19:14:01","modified_gmt":"2022-05-10T18:14:01","slug":"politica-de-privacidade","status":"publish","type":"page","link":"https:\/\/lindaschool.pt\/site\/home\/politica-de-privacidade\/","title":{"rendered":"Pol\u00edtica de Privacidade"},"content":{"rendered":"<div id=\"wppb-builder-container\" class=\"wppb-builder-container\">                <div  class=\"wppb-row-parent  wppb-row-1652206350992 \"  >\n\t\t\t\t\t\n\t\t\t\t\t\t\t\t\t\t\n\t\t\t\t\t\t\t\t\t\t\n\t\t\t\t\t<div class=\"wppb-container \">\n\t\t\t\t\t\t\t\t\t\t\t\t\t\n                        <div class=\"wppb-row\">\n\t\t\t\t\t\t\t                                    <div  class=\"wppb-column-parent wppb-column-parent-view wppb-col-1652206350991  \"  >\n                                        <div class=\"wppb-column\">\n\t\t\t\t\t\n\t\t\t\t\t\t\t\t\t\t\t\n                                            <div class=\"wppb-builder-addons\">\n\t\t\t\t\t\t\t\t\t\t\t\t<div class='wppb-builder-addon wppb-addon-1652206368131'  data-addon-id='1652206368131'><div class='wppb-addon'><div class=\"wppb-text-block-addon\"><div class=\"wppb-text-block-content 0\"><h2 class=\"default\"><strong>Pol\u00edtica de Privacidade<\/strong><\/h2><div class=\"default\">Este documento refere-se \u00e0 prote\u00e7\u00e3o de pessoas singulares no que respeita ao tratamento de dados pessoais e \u00e0 livre circula\u00e7\u00e3o desses dados e \u00e9 integralmente regulado pela lei portuguesa.<\/div><div class=\"default\">\u00a0<\/div><div class=\"default\">A Linda\u2019s School - Instituto de L\u00ednguas assume o compromisso permanente de proteger a privacidade dos dados pessoais fornecidos pelos seus clientes no \u00e2mbito dos servi\u00e7os por ela prestados.<\/div><div class=\"default\">\u00a0<\/div><div class=\"default\">Este documento visa, assim, prestar aos utilizadores a informa\u00e7\u00e3o necess\u00e1ria relativamente \u00e0 pol\u00edtica de privacidade da Linda\u2019s School - Instituto de L\u00ednguas, de modo a que estes possam dar o seu consentimento expresso, livre e informado ao processamento dos seus dados pessoais realizado pela Linda\u2019s School - Instituto de L\u00ednguas, quando tal lhes for solicitado durante o processo de subscri\u00e7\u00e3o dos servi\u00e7os.<\/div><div class=\"default\">\u00a0<\/div><div class=\"default\">\u00a0<\/div><div class=\"default\">\u00a0<\/div><div class=\"default\"><strong>1. \u00c2mbito da nossa Pol\u00edtica de Privacidade<\/strong><\/div><div class=\"default\">A presente pol\u00edtica de privacidade abrange este website. A equipa da Linda\u2019s School - Instituto de L\u00ednguas respeita a privacidade do Utilizador e processa os seus dados pessoais de acordo com as leis em vigor. Os dados n\u00e3o ser\u00e3o processados para quaisquer outros fins que n\u00e3o os aqui especificados. A Linda\u2019s School - Instituto de L\u00ednguas reserva-se no direito de atualizar ou modificar a sua Pol\u00edtica de Privacidade a qualquer momento, nomeadamente, de forma a adapt\u00e1-la a altera\u00e7\u00f5es legislativas.<\/div><div class=\"default\">\u00a0<\/div><div class=\"default\">\u00a0<\/div><div class=\"default\"><strong>2. Para que fins s\u00e3o recolhidos dados pessoais do Utilizador ?<\/strong><\/div><div class=\"default\">Os dados recolhidos nos formul\u00e1rios do website destinam-se exclusivamente ao processamento dos pedidos dos utilizadores , e n\u00e3o ser\u00e3o usados para qualquer outro processamento.<\/div><div class=\"default\">Os dados recolhidos na subscri\u00e7\u00e3o da newsletter destinam-se exclusivamente \u00e1 comunica\u00e7\u00e3o e divulga\u00e7\u00e3o por parte da Linda\u2019s School - Instituto de L\u00ednguas aos mesmos, dos servi\u00e7os que presta.<\/div><div class=\"default\">\u00a0<\/div><div class=\"default\">\u00a0<\/div><div class=\"default\"><strong>3. A Linda\u2019s School - Instituto de L\u00ednguas utiliza os dados pessoais recolhidos para Marketing?<\/strong><\/div><div class=\"default\">A equipa da Linda\u2019s School - Instituto de L\u00ednguas n\u00e3o utilizar\u00e1 os seus dados pessoais para lhe enviar qualquer correio n\u00e3o solicitado cujo conte\u00fado n\u00e3o tenha recebido o seu consentimento expl\u00edcito. A Linda\u2019s School - Instituto de L\u00ednguas n\u00e3o vende nem negocia os seus dados com terceiros.<\/div><div class=\"default\">\u00a0<\/div><div class=\"default\">A Linda\u2019s School - Instituto de L\u00ednguas tem um servi\u00e7o de subscri\u00e7\u00e3o no seu website, que estabelece mecanismos automatizados de envio de conte\u00fado restritamente selecionado. Os utilizadores, caso pretendam, poder\u00e3o desativar este servi\u00e7o de uma forma f\u00e1cil e gratuita. Para tal, o utilizador dever\u00e1 aceder ao seu e-mail e nas notifica\u00e7\u00f5es em quest\u00e3o pedir a desativa\u00e7\u00e3o do servi\u00e7o clicando em \u201cCancelar Subscri\u00e7\u00e3o\u201d. Desta forma, poder\u00e1 excluir-se do servi\u00e7o seguindo as instru\u00e7\u00f5es que indicadas na p\u00e1gina de cancelamento da subscri\u00e7\u00e3o.<\/div><div class=\"default\">\u00a0<\/div><div class=\"default\">\u00a0<\/div><div class=\"default\"><strong>4. Quem tem acesso aos dados pessoais do Utilizador?<\/strong><\/div><div class=\"default\">A Linda\u2019s School - Instituto de L\u00ednguas n\u00e3o divulga a terceiros quaisquer dados pessoais dos seus Clientes e Utilizadores, sem o seu consentimento, exceto quando tal for exigido por lei.<\/div><div class=\"default\">\u00a0<\/div><div class=\"default\">\u00a0<\/div><div class=\"default\"><strong>5. Onde s\u00e3o guardados os dados do Utilizador?<\/strong><\/div><div class=\"default\">A Linda\u2019s School - Instituto de L\u00ednguas guarda os dados dos seus clientes e Utilizadores nos seus servidores localizados na Uni\u00e3o Europeia. Estes servidores s\u00e3o protegidos e mantidos de acordo com os mais elevados standards de seguran\u00e7a e por forma a respeitar as leis de privacidade aplic\u00e1veis. Caso deseje ser removido da nossa base de dados, poder\u00e1 exercer esse direito, contactando-nos atrav\u00e9s dos diversos meios dispon\u00edveis no site.<\/div><div class=\"default\">\u00a0<\/div><div class=\"default\">\u00a0<\/div><div class=\"default\"><strong>6. A Linda\u2019s School - Instituto de L\u00ednguas utiliza cookies no seu Website?<\/strong><\/div><div class=\"default\">O website da Linda\u2019s School - Instituto de L\u00ednguas utiliza cookies em determinadas \u00e1reas. Os cookies s\u00e3o ficheiros que armazenam informa\u00e7\u00f5es no disco r\u00edgido ou browser do Utilizador, permitindo que os websites o reconhe\u00e7am e saibam que j\u00e1 os visitou anteriormente. O Utilizador pode configurar o seu browser para recusar os cookies, por\u00e9m nesse caso, o website ou partes do mesmo podem n\u00e3o funcionar corretamente. Os cookies s\u00e3o utilizados para monitorizar e analisar a utiliza\u00e7\u00e3o do website, permitindo \u00e0 Linda\u2019s School - Instituto de L\u00ednguas proporcionar a melhor experi\u00eancia de utiliza\u00e7\u00e3o.<\/div><div class=\"default\">\u00a0<\/div><div class=\"default\">\u00a0<\/div><div class=\"default\">Contacto:<\/div><div class=\"default\">\u00a0<\/div><div class=\"default\">Para qualquer informa\u00e7\u00e3o a fim de exercer os direitos previstos na lei, nos termos acima descritos a (o) cliente poder\u00e1 escrever para:<\/div><div class=\"default\">\u00a0<\/div><div class=\"default\">Linda\u2019s School - Instituto de L\u00ednguas, Sociedade Unipessoal, Lda.<\/div><div class=\"default\">Rua do Impasse n.\u00ba 9,<\/div><div class=\"default\">2300-478 Tomar<\/div><div class=\"default\">\u00a0<\/div><div class=\"default\">O Cliente tamb\u00e9m poder\u00e1 enviar o seu pedido de informa\u00e7\u00e3o via e-mail para o endere\u00e7o<strong>\u00a0info@institutolindaschool.com<\/strong>.<\/div><\/div><\/div><\/div><\/div>                                            <\/div>\n                                        <\/div>\n                                    <\/div>\n\t\t\t\t\t\t\t\t\t                        <\/div>\n\n                    <\/div>\n                <\/div>\n\t\t\t\t<\/div>","protected":false},"excerpt":{"rendered":"<p>Pol\u00edtica de PrivacidadeEste documento refere-se \u00e0 prote\u00e7\u00e3o de pessoas singulares no que respeita ao tratamento de dados pessoais e \u00e0 livre circula\u00e7\u00e3o desses dados e \u00e9 integralmente regulado pela lei portuguesa.\u00a0A Linda\u2019s School &#8211; Instituto de L\u00ednguas assume o compromisso permanente de proteger a privacidade dos dados pessoais fornecidos pelos seus clientes no \u00e2mbito dos&hellip;&nbsp;<a href=\"https:\/\/lindaschool.pt\/site\/home\/politica-de-privacidade\/\" class=\"\" rel=\"bookmark\">Ler mais &raquo;<span class=\"screen-reader-text\">Pol\u00edtica de Privacidade<\/span><\/a><\/p>\n","protected":false},"author":1,"featured_media":0,"parent":0,"menu_order":0,"comment_status":"closed","ping_status":"closed","template":"page-templates\/template-pagebuilder-full-width.php","meta":{"om_disable_all_campaigns":false,"_mi_skip_tracking":false,"_monsterinsights_sitenote_active":false,"_monsterinsights_sitenote_note":"","_monsterinsights_sitenote_category":0,"neve_meta_sidebar":"","neve_meta_container":"","neve_meta_enable_content_width":"","neve_meta_content_width":0,"neve_meta_title_alignment":"","neve_meta_author_avatar":"","neve_post_elements_order":"","neve_meta_disable_header":"","neve_meta_disable_footer":"","neve_meta_disable_title":"","_ti_tpc_template_sync":false,"_ti_tpc_template_id":"","footnotes":""},"class_list":["post-172","page","type-page","status-publish","hentry"],"aioseo_notices":[],"_links":{"self":[{"href":"https:\/\/lindaschool.pt\/site\/home\/wp-json\/wp\/v2\/pages\/172","targetHints":{"allow":["GET"]}}],"collection":[{"href":"https:\/\/lindaschool.pt\/site\/home\/wp-json\/wp\/v2\/pages"}],"about":[{"href":"https:\/\/lindaschool.pt\/site\/home\/wp-json\/wp\/v2\/types\/page"}],"author":[{"embeddable":true,"href":"https:\/\/lindaschool.pt\/site\/home\/wp-json\/wp\/v2\/users\/1"}],"replies":[{"embeddable":true,"href":"https:\/\/lindaschool.pt\/site\/home\/wp-json\/wp\/v2\/comments?post=172"}],"version-history":[{"count":1,"href":"https:\/\/lindaschool.pt\/site\/home\/wp-json\/wp\/v2\/pages\/172\/revisions"}],"predecessor-version":[{"id":176,"href":"https:\/\/lindaschool.pt\/site\/home\/wp-json\/wp\/v2\/pages\/172\/revisions\/176"}],"wp:attachment":[{"href":"https:\/\/lindaschool.pt\/site\/home\/wp-json\/wp\/v2\/media?parent=172"}],"curies":[{"name":"wp","href":"https:\/\/api.w.org\/{rel}","templated":true}]}}