{"id":54,"date":"2022-03-03T12:18:13","date_gmt":"2022-03-03T11:18:13","guid":{"rendered":"https:\/\/lindaschool.pt\/site\/?page_id=54"},"modified":"2022-11-23T18:53:20","modified_gmt":"2022-11-23T17:53:20","slug":"contatos","status":"publish","type":"page","link":"https:\/\/lindaschool.pt\/site\/home\/contatos\/","title":{"rendered":"Contatos"},"content":{"rendered":"<div id=\"wppb-builder-container\" class=\"wppb-builder-container\">                <div  class=\"wppb-row-parent  wppb-row-1651845977697 \"  >\n\t\t\t\t\t\n\t\t\t\t\t\t\t\t\t\t\n\t\t\t\t\t\t\t\t\t\t\n\t\t\t\t\t<div class=\"wppb-container \">\n\t\t\t\t\t\t\t\t\t\t\t\t\t\n                        <div class=\"wppb-row\">\n\t\t\t\t\t\t\t                                    <div  class=\"wppb-column-parent wppb-column-parent-view wppb-col-1651845977696  \"  >\n                                        <div class=\"wppb-column\">\n\t\t\t\t\t\n\t\t\t\t\t\t\t\t\t\t\t\n                                            <div class=\"wppb-builder-addons\">\n\t\t\t\t\t\t\t\t\t\t\t\t<div class='wppb-builder-addon wppb-addon-1651845987064'  data-addon-id='1651845987064'><div class='wppb-addon'><div class=\"wppb-text-block-addon\"><div class=\"wppb-text-block-content 0\"><h1>Contacte-nos<br \/>Contact Us<\/h1><\/div><\/div><\/div><\/div>            <div  class=\"wppb-row-parent wppb-inner-row-parent wppb-row-1651845977714 \">\n\t\t\t\n\t\t\t\t\t\t\n\t\t\t\t<div class=\"wppb-container\">\n                    <div class=\"wppb-row\">\n\t\t\t\t\t\t                                <div  class=\"wppb-column-parent wppb-column-parent-view wppb-col-1651845977715  \" >\n                                    <div class=\"wppb-column\">\n                                        <div class=\"wppb-builder-addons\">\n\t\t\t\t\t\t\t\t\t\t\t<div  class='wppb-builder-addon wppb-addon-1651846026175   '   ><div class='wppb-inner_addon'><div class=\"wppb-text-block-addon\"><div class=\"wppb-text-block-content 0\"><p>Para pedidos de informa\u00e7\u00e3o, por favor preencha o Formul\u00e1rio abaixo. Obrigada.<br \/><em>For information requests, please fill in the Form below. Thank you.<\/em><\/p><\/div><\/div><\/div><\/div>                                        <\/div>\n                                    <\/div>\n                                <\/div>\n\t\t\t\t\t\t\t\t                    <\/div>\n                <\/div>\n            <\/div>\n\t\t\t                                            <\/div>\n                                        <\/div>\n                                    <\/div>\n\t\t\t\t\t\t\t\t\t                        <\/div>\n\n                    <\/div>\n                <\/div>\n\t\t\t\t                <div  class=\"wppb-row-parent  wppb-row-1651845977746 \"  >\n\t\t\t\t\t\n\t\t\t\t\t\t\t\t\t\t\n\t\t\t\t\t\t\t\t\t\t\n\t\t\t\t\t<div class=\"wppb-container \">\n\t\t\t\t\t\t\t\t\t\t\t\t\t\n                        <div class=\"wppb-row\">\n\t\t\t\t\t\t\t                                    <div  class=\"wppb-column-parent wppb-column-parent-view wppb-col-1651845977744  \"  >\n                                        <div class=\"wppb-column\">\n\t\t\t\t\t\n\t\t\t\t\t\t\t\t\t\t\t\n                                            <div class=\"wppb-builder-addons\">\n\t\t\t\t\t\t\t\t\t\t\t\t<div class='wppb-builder-addon wppb-addon-1651846356745'  data-addon-id='1651846356745'><div class='wppb-addon'><div class=\"wppb-raw-html-addon\"><div class=\"wppb-raw-html-content\"><!-- wp:contact-form-7\/contact-form-selector {\"id\":185,\"title\":\"Contacto_1\"} -->\n<div class=\"wp-block-contact-form-7-contact-form-selector\">\n<div class=\"wpcf7 no-js\" id=\"wpcf7-f185-o1\" lang=\"pt-PT\" dir=\"ltr\">\n<div class=\"screen-reader-response\"><p role=\"status\" aria-live=\"polite\" aria-atomic=\"true\"><\/p> <ul><\/ul><\/div>\n<form action=\"\/site\/home\/wp-json\/wp\/v2\/pages\/54#wpcf7-f185-o1\" method=\"post\" class=\"wpcf7-form init\" aria-label=\"Formul\u00e1rio de contacto\" novalidate=\"novalidate\" data-status=\"init\">\n<div style=\"display: none;\">\n<input type=\"hidden\" name=\"_wpcf7\" value=\"185\" \/>\n<input type=\"hidden\" name=\"_wpcf7_version\" value=\"5.7.7\" \/>\n<input type=\"hidden\" name=\"_wpcf7_locale\" value=\"pt_PT\" \/>\n<input type=\"hidden\" name=\"_wpcf7_unit_tag\" value=\"wpcf7-f185-o1\" \/>\n<input type=\"hidden\" name=\"_wpcf7_container_post\" value=\"0\" \/>\n<input type=\"hidden\" name=\"_wpcf7_posted_data_hash\" value=\"\" \/>\n<input type=\"hidden\" name=\"_wpcf7_recaptcha_response\" value=\"\" \/>\n<\/div>\n<p><label> Nome:<br \/>\n<span class=\"wpcf7-form-control-wrap\" data-name=\"your-name\"><input size=\"40\" class=\"wpcf7-form-control wpcf7-text wpcf7-validates-as-required\" aria-required=\"true\" aria-invalid=\"false\" value=\"\" type=\"text\" name=\"your-name\" \/><\/span> <\/label>\n<\/p>\n<p><label> Email:<br \/>\n<span class=\"wpcf7-form-control-wrap\" data-name=\"your-email\"><input size=\"40\" class=\"wpcf7-form-control wpcf7-text wpcf7-email wpcf7-validates-as-required wpcf7-validates-as-email\" aria-required=\"true\" aria-invalid=\"false\" value=\"\" type=\"email\" name=\"your-email\" \/><\/span> <\/label>\n<\/p>\n<p><label> Assunto<br \/>\n<span class=\"wpcf7-form-control-wrap\" data-name=\"your-subject\"><input size=\"40\" class=\"wpcf7-form-control wpcf7-text wpcf7-validates-as-required\" aria-required=\"true\" aria-invalid=\"false\" value=\"\" type=\"text\" name=\"your-subject\" \/><\/span> <\/label>\n<\/p>\n<p><label> Mensagem: (optional)<br \/>\n<span class=\"wpcf7-form-control-wrap\" data-name=\"your-message\"><textarea cols=\"40\" rows=\"10\" class=\"wpcf7-form-control wpcf7-textarea\" aria-invalid=\"false\" name=\"your-message\"><\/textarea><\/span> <\/label>\n<\/p>\n<p><input class=\"wpcf7-form-control has-spinner wpcf7-submit\" type=\"submit\" value=\"Enviar\" \/>\n<\/p><p style=\"display: none !important;\"><label>&#916;<textarea name=\"_wpcf7_ak_hp_textarea\" cols=\"45\" rows=\"8\" maxlength=\"100\"><\/textarea><\/label><input type=\"hidden\" id=\"ak_js_1\" name=\"_wpcf7_ak_js\" value=\"208\"\/><script>document.getElementById( \"ak_js_1\" ).setAttribute( \"value\", ( new Date() ).getTime() );<\/script><\/p><input type='hidden' class='wpcf7-pum' value='{\"closepopup\":false,\"closedelay\":0,\"openpopup\":false,\"openpopup_id\":0}' \/><div class=\"wpcf7-response-output\" aria-hidden=\"true\"><\/div>\n<\/form>\n<\/div>\n<\/div>\n<!-- \/wp:contact-form-7\/contact-form-selector --><\/div><\/div><\/div><\/div>                                            <\/div>\n                                        <\/div>\n                                    <\/div>\n\t\t\t\t\t\t\t\t\t                                    <div  class=\"wppb-column-parent wppb-column-parent-view wppb-col-1651845977745  \"  >\n                                        <div class=\"wppb-column\">\n\t\t\t\t\t\n\t\t\t\t\t\t\t\t\t\t\t\n                                            <div class=\"wppb-builder-addons\">\n\t\t\t\t\t\t\t\t\t\t\t\t<div class='wppb-builder-addon wppb-addon-1651846201409'  data-addon-id='1651846201409'><div class='wppb-addon'><div class=\"wppb-raw-html-addon\"><div class=\"wppb-raw-html-content\"><iframe loading=\"lazy\" src=\"https:\/\/www.google.com\/maps\/embed?pb=!1m18!1m12!1m3!1d3073.849402312291!2d-8.405612884790946!3d39.6080748123448!2m3!1f0!2f0!3f0!3m2!1i1024!2i768!4f13.1!3m3!1m2!1s0xd187eb1741901bb%3A0x92a2c72bdc9d8632!2sLinda'S%20School%20-%20Instituto%20De%20L%C3%ADnguas%20-%20Sociedade%20Unipessoal%20Lda.!5e0!3m2!1spt-PT!2spt!4v1646309474053!5m2!1spt-PT!2spt\" width=\"600\" height=\"450\" allowfullscreen=\"\"><\/iframe><\/div><\/div><\/div><\/div>            <div  class=\"wppb-row-parent wppb-inner-row-parent wppb-row-1651845977755 \">\n\t\t\t\n\t\t\t\t\t\t\n\t\t\t\t<div class=\"wppb-container\">\n                    <div class=\"wppb-row\">\n\t\t\t\t\t\t                                <div  class=\"wppb-column-parent wppb-column-parent-view wppb-col-1651845977756  \" >\n                                    <div class=\"wppb-column\">\n                                        <div class=\"wppb-builder-addons\">\n\t\t\t\t\t\t\t\t\t\t\t<div  class='wppb-builder-addon wppb-addon-1651846253008   '   ><div class='wppb-inner_addon'><div class=\"wppb-text-block-addon\"><div class=\"wppb-text-block-content 0\"><h5 class=\"embed-responsive embed-responsive-16by9\" style=\"text-align: left\"><iframe loading=\"lazy\" src=\"https:\/\/g.page\/lindasschool?share\" width=\"454px\" height=\"0px\" frameborder=\"0\" allowfullscreen=\"allowfullscreen\"><\/iframe><\/h5>\n<h5 class=\"embed-responsive embed-responsive-16by9\" style=\"text-align: left\">Linda's School - Instituto de L\u00ednguas<\/h5>\n<div id=\"1604510127261\" class=\"sitebuilder-element-container slow none animated\" data-v-74abd35e=\"\" data-v-76a44fb9=\"\" data-tag=\"p\">\n<div data-v-74abd35e=\"\"><span class=\"line-height-aqui\">Rua do Impasse, n.\u00ba 9, 2300-478 Tomar, Portugal<\/span><\/div>\n<h6><span class=\"line-height-aqui\"><br \/>Tel Fixo: <strong>+351 249 313 377<\/strong><\/span><\/h6>\n<div data-v-74abd35e=\"\"><span class=\"line-height-aqui\"> <em>(Chamada para a rede fixa nacional - Tarif\u00e1rio dependente do acordado entre o cliente e o operador)<\/em><\/span><\/div>\n<h6><span class=\"line-height-aqui\"><br \/>Telem\u00f3vel:<strong> +351 926 393 932<\/strong><\/span><\/h6>\n<div data-v-74abd35e=\"\"><span class=\"line-height-aqui\"><em>(Chamada para a rede m\u00f3vel nacional - Tarif\u00e1rio dependente do acordado entre o cliente e o operador)<\/em><\/span><\/div>\n<div data-v-74abd35e=\"\"><span class=\"line-height-aqui\"><br \/>email 1: <strong>atendimento@institutolindaschool.com<\/strong><br \/>email 2: <strong>mkt@lindaschool.pt<\/strong><\/span><\/div>\n<div data-v-74abd35e=\"\">\n<p>\u00a0<\/p>\n<h4><strong>Aberto ao p\u00fablico de 2\u00aa a 6\u00aa das 14h \u00e0s 19h<br \/><\/strong><\/h4>\n<\/div>\n<\/div><\/div><\/div><\/div><\/div>                                        <\/div>\n                                    <\/div>\n                                <\/div>\n\t\t\t\t\t\t\t\t                    <\/div>\n                <\/div>\n            <\/div>\n\t\t\t                                            <\/div>\n                                        <\/div>\n                                    <\/div>\n\t\t\t\t\t\t\t\t\t                        <\/div>\n\n                    <\/div>\n                <\/div>\n\t\t\t\t<\/div>","protected":false},"excerpt":{"rendered":"<p>Contacte-nosContact Us Para pedidos de informa\u00e7\u00e3o, por favor preencha o Formul\u00e1rio abaixo. Obrigada.For information requests, please fill in the Form below. Thank you. Nome: Email: Assunto Mensagem: (optional) &#916; Linda&#8217;s School &#8211; Instituto de L\u00ednguas Rua do Impasse, n.\u00ba 9, 2300-478 Tomar, Portugal Tel Fixo: +351 249 313 377 (Chamada para a rede fixa nacional&hellip;&nbsp;<a href=\"https:\/\/lindaschool.pt\/site\/home\/contatos\/\" class=\"\" rel=\"bookmark\">Ler mais &raquo;<span class=\"screen-reader-text\">Contatos<\/span><\/a><\/p>\n","protected":false},"author":1,"featured_media":0,"parent":0,"menu_order":0,"comment_status":"closed","ping_status":"closed","template":"page-templates\/template-pagebuilder-full-width.php","meta":{"om_disable_all_campaigns":false,"_mi_skip_tracking":false,"_monsterinsights_sitenote_active":false,"_monsterinsights_sitenote_note":"","_monsterinsights_sitenote_category":0,"neve_meta_sidebar":"","neve_meta_container":"","neve_meta_enable_content_width":"","neve_meta_content_width":0,"neve_meta_title_alignment":"","neve_meta_author_avatar":"","neve_post_elements_order":"","neve_meta_disable_header":"","neve_meta_disable_footer":"","neve_meta_disable_title":"","_ti_tpc_template_sync":false,"_ti_tpc_template_id":"","footnotes":""},"class_list":["post-54","page","type-page","status-publish","hentry"],"aioseo_notices":[],"_links":{"self":[{"href":"https:\/\/lindaschool.pt\/site\/home\/wp-json\/wp\/v2\/pages\/54","targetHints":{"allow":["GET"]}}],"collection":[{"href":"https:\/\/lindaschool.pt\/site\/home\/wp-json\/wp\/v2\/pages"}],"about":[{"href":"https:\/\/lindaschool.pt\/site\/home\/wp-json\/wp\/v2\/types\/page"}],"author":[{"embeddable":true,"href":"https:\/\/lindaschool.pt\/site\/home\/wp-json\/wp\/v2\/users\/1"}],"replies":[{"embeddable":true,"href":"https:\/\/lindaschool.pt\/site\/home\/wp-json\/wp\/v2\/comments?post=54"}],"version-history":[{"count":11,"href":"https:\/\/lindaschool.pt\/site\/home\/wp-json\/wp\/v2\/pages\/54\/revisions"}],"predecessor-version":[{"id":296,"href":"https:\/\/lindaschool.pt\/site\/home\/wp-json\/wp\/v2\/pages\/54\/revisions\/296"}],"wp:attachment":[{"href":"https:\/\/lindaschool.pt\/site\/home\/wp-json\/wp\/v2\/media?parent=54"}],"curies":[{"name":"wp","href":"https:\/\/api.w.org\/{rel}","templated":true}]}}